{"id":93887,"date":"2021-03-16T22:57:48","date_gmt":"2021-03-16T17:27:48","guid":{"rendered":"https:\/\/themes.diviplus.io\/dental\/\/?page_id=509"},"modified":"2024-08-23T12:01:31","modified_gmt":"2024-08-23T12:01:31","slug":"endodontics","status":"publish","type":"page","link":"https:\/\/dentalsarria555.com\/es\/endodontics\/","title":{"rendered":"Endodoncia"},"content":{"rendered":"<p>[et_pb_section fb_built=&#8221;1&#8243; module_class=&#8221;dipl_ct_dental_inner_hero_section&#8221; _builder_version=&#8221;4.16&#8243; _dynamic_attributes=&#8221;background_image&#8221; _module_preset=&#8221;default&#8221; background_enable_color=&#8221;off&#8221; use_background_color_gradient=&#8221;on&#8221; background_color_gradient_direction=&#8221;270deg&#8221; background_color_gradient_stops=&#8221;rgba(43,135,218,0) 0%|rgba(0,0,0,0.73) 100%&#8221; background_color_gradient_overlays_image=&#8221;on&#8221; background_color_gradient_start=&#8221;rgba(43,135,218,0)&#8221; background_color_gradient_end=&#8221;rgba(0,0,0,0.73)&#8221; background_image=&#8221;@ET-DC@eyJkeW5hbWljIjp0cnVlLCJjb250ZW50IjoicG9zdF9mZWF0dXJlZF9pbWFnZSIsInNldHRpbmdzIjp7fX0=@&#8221; custom_padding=&#8221;4%||4%||true|false&#8221; locked=&#8221;off&#8221; global_colors_info=&#8221;{}&#8221;][et_pb_row make_equal=&#8221;on&#8221; custom_padding_last_edited=&#8221;off|desktop&#8221; _builder_version=&#8221;4.16&#8243; _module_preset=&#8221;default&#8221; custom_padding_tablet=&#8221;||50px||false|false&#8221; custom_padding_phone=&#8221;||40px||false|false&#8221; global_colors_info=&#8221;{}&#8221;][et_pb_column type=&#8221;4_4&#8243; _builder_version=&#8221;4.16&#8243; _module_preset=&#8221;default&#8221; global_colors_info=&#8221;{}&#8221;][et_pb_text _builder_version=&#8221;4.16&#8243; _dynamic_attributes=&#8221;content&#8221; _module_preset=&#8221;default&#8221; background_layout=&#8221;dark&#8221; custom_margin=&#8221;||20px||false|false&#8221; global_colors_info=&#8221;{}&#8221;]@ET-DC@eyJkeW5hbWljIjp0cnVlLCJjb250ZW50IjoicG9zdF90aXRsZSIsInNldHRpbmdzIjp7ImJlZm9yZSI6IjxoMT4iLCJhZnRlciI6IjwvaDE+In19@[\/et_pb_text][dipl_breadcrumb breadcrumb_layout=&#8221;layout2&#8243; separator_type=&#8221;icon_separator&#8221; separator_icon=&#8221;&#x39;||divi||400&#8243; separator_size=&#8221;20px&#8221; separator_color=&#8221;#FFFFFF&#8221; _builder_version=&#8221;4.16&#8243; _module_preset=&#8221;default&#8221; global_text_settings_font_size=&#8221;16px&#8221; text_text_color=&#8221;#FFFFFF&#8221; link_text_color=&#8221;#FFFFFF&#8221; custom_margin=&#8221;||20px||false|false&#8221; custom_margin_tablet=&#8221;||12px||false|false&#8221; custom_margin_phone=&#8221;||8px||false|false&#8221; custom_margin_last_edited=&#8221;on|phone&#8221; global_text_settings_font_size_tablet=&#8221;18px&#8221; global_text_settings_font_size_phone=&#8221;16px&#8221; global_text_settings_font_size_last_edited=&#8221;on|tablet&#8221; global_colors_info=&#8221;{}&#8221;][\/dipl_breadcrumb][\/et_pb_column][\/et_pb_row][\/et_pb_section][et_pb_section fb_built=&#8221;1&#8243; use_custom_gutter=&#8221;on&#8221; specialty=&#8221;on&#8221; padding_top_2=&#8221;0px&#8221; padding_top_bottom_link_2=&#8221;false&#8221; padding_left_right_link_2=&#8221;false&#8221; module_class_2=&#8221;dental-sidebar&#8221; module_class=&#8221;dental-mobile-reverse&#8221; _builder_version=&#8221;4.16&#8243; _module_preset=&#8221;default&#8221; global_colors_info=&#8221;{}&#8221;][et_pb_column type=&#8221;2_3&#8243; specialty_columns=&#8221;2&#8243; _builder_version=&#8221;4.16&#8243; custom_padding=&#8221;|||&#8221; global_colors_info=&#8221;{}&#8221; custom_padding__hover=&#8221;|||&#8221;][et_pb_row_inner _builder_version=&#8221;4.16&#8243; _module_preset=&#8221;default&#8221; custom_padding=&#8221;0px||||false|false&#8221; global_colors_info=&#8221;{}&#8221;][et_pb_column_inner saved_specialty_column_type=&#8221;2_3&#8243; _builder_version=&#8221;4.16&#8243; _module_preset=&#8221;default&#8221; global_colors_info=&#8221;{}&#8221;][et_pb_text _builder_version=&#8221;4.27.0&#8243; _module_preset=&#8221;default&#8221; header_3_font=&#8221;|600|||||||&#8221; header_3_font_size=&#8221;26px&#8221; custom_margin=&#8221;||0px||false|false&#8221; custom_padding=&#8221;||0px||false|false&#8221; hover_enabled=&#8221;0&#8243; global_colors_info=&#8221;{}&#8221; sticky_enabled=&#8221;0&#8243;]<\/p>\n<h3>TRATAMIENTO DE CONDUCTO<\/h3>\n<p>[\/et_pb_text][et_pb_text _builder_version=&#8221;4.27.0&#8243; _module_preset=&#8221;default&#8221; text_text_color=&#8221;#132628&#8243; text_line_height=&#8221;1.8em&#8221; hover_enabled=&#8221;0&#8243; locked=&#8221;off&#8221; global_colors_info=&#8221;{}&#8221; sticky_enabled=&#8221;0&#8243;]It is a treatment that removes infected tissue from the canals of the roots.[\/et_pb_text][et_pb_text _builder_version=&#8221;4.27.0&#8243; _module_preset=&#8221;default&#8221; text_text_color=&#8221;#666666&#8243; text_line_height=&#8221;1.8em&#8221; hover_enabled=&#8221;0&#8243; locked=&#8221;off&#8221; global_colors_info=&#8221;{}&#8221; sticky_enabled=&#8221;0&#8243;]<\/p>\n<p><strong>\u00bfQU\u00c9 ES UNA ENDODONCIA?<br \/><\/strong>&#8211;<br \/>El tratamiento de conductos es necesario cuando el tejido blando del interior del diente (pulpa) se infecta y causa pulpitis. Suele ocurrir cuando un diente est\u00e1 muy cariado y la pulpa se inflama y se infecta. Muchas veces esta infecci\u00f3n causa dolor, pero tambi\u00e9n puede ser indolora. El nervio y los vasos sangu\u00edneos de la pulpa se infectan y, si no se tratan, se convierten en tejido muerto. Entonces la infecci\u00f3n se extiende a la mand\u00edbula y puede crear un absceso dental.<\/p>\n<p>[\/et_pb_text][et_pb_text _builder_version=&#8221;4.27.0&#8243; _module_preset=&#8221;default&#8221; text_text_color=&#8221;#666666&#8243; text_line_height=&#8221;1.8em&#8221; hover_enabled=&#8221;0&#8243; locked=&#8221;off&#8221; global_colors_info=&#8221;{}&#8221; sticky_enabled=&#8221;0&#8243;]<\/p>\n<p><strong>\u00bfCU\u00c1L ES EL TRATAMIENTO?<br \/><\/strong>&#8211;<br \/>El tratamiento endod\u00f3ntico es la soluci\u00f3n. El objetivo de este tratamiento es eliminar todo el tejido blando infectado del interior de los conductos radiculares y luego obturarlos. A veces son necesarios antibi\u00f3ticos para ayudar al organismo a luchar contra la infecci\u00f3n.<\/p>\n<p>[\/et_pb_text][\/et_pb_column_inner][\/et_pb_row_inner][et_pb_row_inner _builder_version=&#8221;4.27.0&#8243; _module_preset=&#8221;default&#8221; custom_padding=&#8221;||4px|||&#8221;][et_pb_column_inner saved_specialty_column_type=&#8221;2_3&#8243; _builder_version=&#8221;4.27.0&#8243; _module_preset=&#8221;default&#8221;][dipl_faq_page_schema _builder_version=&#8221;4.27.0&#8243; _module_preset=&#8221;default&#8221; title=&#8221;FAQ&#8221; faq_question_closed_font_size=&#8221;16px&#8221; hover_enabled=&#8221;0&#8243; sticky_enabled=&#8221;0&#8243;][dipl_faq_page_schema_item _builder_version=&#8221;4.27.0&#8243; _module_preset=&#8221;default&#8221; faq_question=&#8221;Is the treatment painful?&#8221; question_custom_padding=&#8221;||||false|false&#8221; hover_enabled=&#8221;0&#8243; sticky_enabled=&#8221;0&#8243; custom_margin=&#8221;||15px||false|false&#8221;]<\/p>\n<p>Los s\u00edntomas m\u00e1s comunes pueden ser dolor causado por el fr\u00edo, alimentos y bebidas calientes, dulces y dolor al masticar el diente afectado. Tambi\u00e9n puede hincharse la zona.<\/p>\n<p>[\/dipl_faq_page_schema_item][dipl_faq_page_schema_item _builder_version=&#8221;4.27.0&#8243; _module_preset=&#8221;default&#8221; faq_question=&#8221;Is the treatment always successful?&#8221; question_custom_padding=&#8221;||||false|false&#8221; hover_enabled=&#8221;0&#8243; sticky_enabled=&#8221;0&#8243; custom_margin=&#8221;||15px||false|false&#8221;]<\/p>\n<p>El porcentaje de \u00e9xito de una endodoncia se sit\u00faa en torno al 85-90%, lo que significa que la mayor\u00eda de las veces la infecci\u00f3n desaparece y el diente se salva, pero siempre existe el riesgo de que se vuelva a infectar.<\/p>\n<p>[\/dipl_faq_page_schema_item][\/dipl_faq_page_schema][\/et_pb_column_inner][\/et_pb_row_inner][et_pb_row_inner _builder_version=&#8221;4.27.0&#8243; _module_preset=&#8221;default&#8221; column_structure=&#8221;1_3,1_3,1_3&#8243; min_height=&#8221;288.1px&#8221;][et_pb_column_inner saved_specialty_column_type=&#8221;2_3&#8243; _builder_version=&#8221;4.27.0&#8243; _module_preset=&#8221;default&#8221; type=&#8221;1_3&#8243;][et_pb_image src=&#8221;https:\/\/dentalsarria555.com\/wp-content\/uploads\/2024\/08\/305.jpg&#8221; _builder_version=&#8221;4.27.0&#8243; _module_preset=&#8221;default&#8221; title_text=&#8221;Dental root anatomy &#8211; First maxillary molar tooth. Medically accurate dental 3D illustration&#8221; hover_enabled=&#8221;0&#8243; sticky_enabled=&#8221;0&#8243;][\/et_pb_image][\/et_pb_column_inner][et_pb_column_inner saved_specialty_column_type=&#8221;2_3&#8243; _builder_version=&#8221;4.27.0&#8243; _module_preset=&#8221;default&#8221; type=&#8221;1_3&#8243;][\/et_pb_column_inner][et_pb_column_inner saved_specialty_column_type=&#8221;2_3&#8243; _builder_version=&#8221;4.27.0&#8243; _module_preset=&#8221;default&#8221; type=&#8221;1_3&#8243;][\/et_pb_column_inner][\/et_pb_row_inner][et_pb_row_inner _builder_version=&#8221;4.27.0&#8243; _module_preset=&#8221;default&#8221; custom_padding=&#8221;0px||0px||false|false&#8221; hover_enabled=&#8221;0&#8243; global_colors_info=&#8221;{}&#8221; sticky_enabled=&#8221;0&#8243;][et_pb_column_inner saved_specialty_column_type=&#8221;2_3&#8243; _builder_version=&#8221;4.16&#8243; _module_preset=&#8221;default&#8221; global_colors_info=&#8221;{}&#8221;][et_pb_text _builder_version=&#8221;4.27.0&#8243; _module_preset=&#8221;default&#8221; header_3_font=&#8221;|600|||||||&#8221; header_3_font_size=&#8221;26px&#8221; custom_margin=&#8221;||0px||false|false&#8221; custom_padding=&#8221;||0px||false|false&#8221; hover_enabled=&#8221;0&#8243; global_colors_info=&#8221;{}&#8221; sticky_enabled=&#8221;0&#8243;]<\/p>\n<h3>RETRATAMIENTO DEL CONDUCTO RADICULAR<\/p>\n<\/h3>\n<p>[\/et_pb_text][et_pb_text _builder_version=&#8221;4.27.0&#8243; _module_preset=&#8221;default&#8221; text_text_color=&#8221;#132628&#8243; text_line_height=&#8221;1.8em&#8221; hover_enabled=&#8221;0&#8243; locked=&#8221;off&#8221; global_colors_info=&#8221;{}&#8221; sticky_enabled=&#8221;0&#8243;]It is a treatment that removes re-infected tissue and material from the canals of the roots.<\/p>\n<p>[\/et_pb_text][et_pb_text _builder_version=&#8221;4.27.0&#8243; _module_preset=&#8221;default&#8221; text_text_color=&#8221;#666666&#8243; text_line_height=&#8221;1.8em&#8221; hover_enabled=&#8221;0&#8243; locked=&#8221;off&#8221; global_colors_info=&#8221;{}&#8221; sticky_enabled=&#8221;0&#8243;]<\/p>\n<p><strong>\u00bfQU\u00c9 ES UN RETRATAMIENTO DEL CONDUCTO RADICULAR?<br \/><\/strong>&#8211;<br \/>El 10-15% de los dientes tratados endod\u00f3nticamente pueden volver a infectarse en el futuro por diferentes motivos. La infecci\u00f3n es visible en las radiograf\u00edas, a veces hay otros s\u00edntomas como dolor al masticar o una zona inflamada alrededor del diente infectado. A veces puede no presentar s\u00edntomas. Para salvar el diente afectado, es necesario eliminar todo el material y tejido infectado de los conductos radiculares y desinfectar el diente desde el interior. A continuaci\u00f3n, obturar de nuevo los conductos radiculares y seguir hasta 12 meses hasta que desaparezca la infecci\u00f3n. A veces se necesitan antibi\u00f3ticos para ayudar al organismo a combatir la infecci\u00f3n.<\/p>\n<p>[\/et_pb_text][\/et_pb_column_inner][\/et_pb_row_inner][et_pb_row_inner _builder_version=&#8221;4.27.0&#8243; _module_preset=&#8221;default&#8221; custom_padding=&#8221;||4px|||&#8221;][et_pb_column_inner saved_specialty_column_type=&#8221;2_3&#8243; _builder_version=&#8221;4.27.0&#8243; _module_preset=&#8221;default&#8221;][dipl_faq_page_schema _builder_version=&#8221;4.27.0&#8243; _module_preset=&#8221;default&#8221; title=&#8221;FAQ&#8221; faq_question_closed_font_size=&#8221;16px&#8221; hover_enabled=&#8221;0&#8243; sticky_enabled=&#8221;0&#8243;][dipl_faq_page_schema_item _builder_version=&#8221;4.27.0&#8243; _module_preset=&#8221;default&#8221; faq_question=&#8221;What are the symptoms?&#8221; question_custom_padding=&#8221;||||false|false&#8221; hover_enabled=&#8221;0&#8243; sticky_enabled=&#8221;0&#8243; custom_margin=&#8221;||15px||false|false&#8221;]The most common symptoms are pain when chewing, sensitivity to hot foods and beverages, also it can get swollen. Infection can be symptom-free as well.<\/p>\n<p>[\/dipl_faq_page_schema_item][dipl_faq_page_schema_item _builder_version=&#8221;4.27.0&#8243; _module_preset=&#8221;default&#8221; faq_question=&#8221;Is the treatment painful?&#8221; question_custom_padding=&#8221;||||false|false&#8221; hover_enabled=&#8221;0&#8243; sticky_enabled=&#8221;0&#8243; custom_margin=&#8221;||15px||false|false&#8221;]Anesthesia is necessary many times to avoid pain during the treatment. Many times it depends on the case if it is painful or not. It is pretty common that after the treatment it hurts a little bit or you cannot chew on that tooth for a few days.<\/p>\n<p>[\/dipl_faq_page_schema_item][dipl_faq_page_schema_item _builder_version=&#8221;4.27.0&#8243; _module_preset=&#8221;default&#8221; faq_question=&#8221;Is the treatment always successful?&#8221; question_custom_padding=&#8221;||||false|false&#8221; hover_enabled=&#8221;0&#8243; sticky_enabled=&#8221;0&#8243; custom_margin=&#8221;||15px||false|false&#8221;]The success rate of a root canal retreatment is somewhere between 75-85%, which means that most of the time the infection goes away and the tooth gets saved, but there is always a risk that it will not heal or get re-infected.<\/p>\n<p>[\/dipl_faq_page_schema_item][\/dipl_faq_page_schema][\/et_pb_column_inner][\/et_pb_row_inner][\/et_pb_column][et_pb_column type=&#8221;1_3&#8243; _builder_version=&#8221;4.16&#8243; custom_padding=&#8221;|||&#8221; global_colors_info=&#8221;{}&#8221; custom_padding__hover=&#8221;|||&#8221;][et_pb_menu menu_id=&#8221;14&#8243; submenu_direction=&#8221;downwards&#8221; active_link_color=&#8221;#2993c8&#8243; _builder_version=&#8221;4.16&#8243; _module_preset=&#8221;default&#8221; menu_font=&#8221;Poppins|||||||#000000|&#8221; menu_text_color=&#8221;#333333&#8243; menu_font_size=&#8221;16px&#8221; menu_line_height=&#8221;1.5em&#8221; background_color=&#8221;#f9f9f9&#8243; custom_padding=&#8221;0px|20px|0px|20px|true|true&#8221; menu_font_size_tablet=&#8221;&#8221; menu_font_size_phone=&#8221;14px&#8221; menu_font_size_last_edited=&#8221;on|phone&#8221; border_radii=&#8221;on|4px|4px|4px|4px&#8221; border_color_all=&#8221;#f2f2f2&#8243; global_colors_info=&#8221;{}&#8221;][\/et_pb_menu][\/et_pb_column][\/et_pb_section]<\/p>","protected":false},"excerpt":{"rendered":"<p><div class=\"et_pb_module dipl_breadcrumb dipl_breadcrumb_0\">\n\t\t\t\t\n\t\t\t\t\n\t\t\t\t\n\t\t\t\t\n\t\t\t\t\n\t\t\t\t\n\t\t\t\t<div class=\"et_pb_module_inner\">\n\t\t\t\t\t<div class=\"dipl-breadcrumb-wrapper layout2\">\n\t\t\t\t\t\t\t\t<ol class=\"dipl-breadcrumb-inner\" vocab=\"https:\/\/schema.org\/\" typeof=\"BreadcrumbList\">\n\t\t\t\t\t\t\t\t\t<li property=\"itemListElement\" typeof=\"ListItem\" data-icon=\"&#x39;\">\n\t\t\t\t\t\t\t\t\t\t\t\t\t    <a class=\"breadcrumb-item dipl-home-page\" href=\"https:\/\/dentalsarria555.com\/es\" property=\"item\" typeof=\"WebPage\" >\n\t\t\t\t\t\t\t\t\t\t\t\t\t      \t<span class=\"breadcrumb-page\" property=\"name\">Home<\/span>\n\t\t\t\t\t\t\t\t\t\t\t\t\t    <\/a>\n\t\t\t\t\t\t\t\t\t\t\t\t\t    <meta property=\"position\" content=\"1\" \/>\n\t\t\t\t\t\t\t\t\t\t\t\t\t<\/li>\n\t\t\t\t\t\t\t\t<\/ol>\n\t\t\t\t\t\t\t<\/div>\n\t\t\t\t<\/div>\n\t\t\t<\/div>ROOT CANAL TREATMENTIt is a treatment that removes infected tissue from the canals of the roots.WHAT IS A ROOT CANAL?-A root canal treatment is necessary when the soft tissue inside the tooth (pulp) gets infected and causes [&hellip;]<\/p>","protected":false},"author":2,"featured_media":35,"parent":0,"menu_order":0,"comment_status":"closed","ping_status":"closed","template":"","meta":{"_et_pb_use_builder":"on","_et_pb_old_content":"","_et_gb_content_width":"","footnotes":""},"class_list":["post-93887","page","type-page","status-publish","has-post-thumbnail","hentry"],"_links":{"self":[{"href":"https:\/\/dentalsarria555.com\/es\/wp-json\/wp\/v2\/pages\/93887","targetHints":{"allow":["GET"]}}],"collection":[{"href":"https:\/\/dentalsarria555.com\/es\/wp-json\/wp\/v2\/pages"}],"about":[{"href":"https:\/\/dentalsarria555.com\/es\/wp-json\/wp\/v2\/types\/page"}],"author":[{"embeddable":true,"href":"https:\/\/dentalsarria555.com\/es\/wp-json\/wp\/v2\/users\/2"}],"replies":[{"embeddable":true,"href":"https:\/\/dentalsarria555.com\/es\/wp-json\/wp\/v2\/comments?post=93887"}],"version-history":[{"count":6,"href":"https:\/\/dentalsarria555.com\/es\/wp-json\/wp\/v2\/pages\/93887\/revisions"}],"predecessor-version":[{"id":99990,"href":"https:\/\/dentalsarria555.com\/es\/wp-json\/wp\/v2\/pages\/93887\/revisions\/99990"}],"wp:featuredmedia":[{"embeddable":true,"href":"https:\/\/dentalsarria555.com\/es\/wp-json\/wp\/v2\/media\/35"}],"wp:attachment":[{"href":"https:\/\/dentalsarria555.com\/es\/wp-json\/wp\/v2\/media?parent=93887"}],"curies":[{"name":"wp","href":"https:\/\/api.w.org\/{rel}","templated":true}]}}